{"id":20,"date":"2019-01-10T15:34:22","date_gmt":"2019-01-10T14:34:22","guid":{"rendered":"http:\/\/ml.testserver-webdesigndoerrer.de\/?page_id=20"},"modified":"2023-12-18T10:53:35","modified_gmt":"2023-12-18T09:53:35","slug":"impressum","status":"publish","type":"page","link":"https:\/\/www.motoren-lang.de\/index.php\/impressum\/","title":{"rendered":"Impressum"},"content":{"rendered":"<div id='av_section_1'  class='avia-section av-1zhpc-3c1150a70253412fa61a35657195e882 main_color avia-section-default avia-no-border-styling  avia-builder-el-0  el_before_av_social_share  avia-builder-el-first  avia-bg-style-scroll container_wrap fullsize'  ><div class='container av-section-cont-open' ><main  role=\"main\" itemprop=\"mainContentOfPage\"  class='template-page content  av-content-full alpha units'><div class='post-entry post-entry-type-page post-entry-20'><div class='entry-content-wrapper clearfix'>\n\n<style type=\"text\/css\" data-created_by=\"avia_inline_auto\" id=\"style-css-av-1is5s-c9e2be46a4b6a2391d40f4625cd69e24\">\n.flex_column.av-1is5s-c9e2be46a4b6a2391d40f4625cd69e24{\nborder-radius:0px 0px 0px 0px;\npadding:0px 0px 0px 0px;\n}\n<\/style>\n<div  class='flex_column av-1is5s-c9e2be46a4b6a2391d40f4625cd69e24 av_two_third  avia-builder-el-1  el_before_av_one_third  avia-builder-el-first  first flex_column_div av-zero-column-padding  '     ><section  class='av_textblock_section av-jt5mhu4q-2ccfc9da7627ab2b654eabdd49712820 '   itemscope=\"itemscope\" itemtype=\"https:\/\/schema.org\/CreativeWork\" ><div class='avia_textblock'  itemprop=\"text\" ><h1>Impressum<\/h1>\n<h2>Angaben gem\u00e4\u00df \u00a7 5 TMG<\/h2>\n<p>Motoren Lang<br \/>\nInhaber Thomas Lang<br \/>\nKonrad-Adenauer-Str. 87<br \/>\n63322 R\u00f6dermark<\/p>\n<h2>Kontakt<\/h2>\n<p>Telefon: (06074) 7892<br \/>\nE-Mail: firma@motoren-lang.de<\/p>\n<h2>Umsatzsteuer-ID<\/h2>\n<p>Umsatzsteuer-Identifikationsnummer gem\u00e4\u00df \u00a727 a Umsatzsteuergesetz:<br \/>\nDE 285 094 051<\/p>\n<p>Wir sind nicht bereit oder verpflichtet, an Streitbeilegungsverfahren vor einer Verbraucherschlichtungsstelle teilzunehmen.<\/p>\n<h3>Haftung f\u00fcr Inhalte<\/h3>\n<p>Als Diensteanbieter sind wir gem\u00e4\u00df \u00a7 7 Abs.1 TMG f\u00fcr eigene Inhalte auf diesen Seiten nach den allgemeinen Gesetzen verantwortlich. Nach \u00a7\u00a7 8 bis 10 TMG sind wir als Diensteanbieter jedoch nicht verpflichtet, \u00fcbermittelte oder gespeicherte fremde Informationen zu \u00fcberwachen oder nach Umst\u00e4nden zu forschen, die auf eine rechtswidrige T\u00e4tigkeit hinweisen.<\/p>\n<p>Verpflichtungen zur Entfernung oder Sperrung der Nutzung von Informationen nach den allgemeinen Gesetzen bleiben hiervon unber\u00fchrt. Eine diesbez\u00fcgliche Haftung ist jedoch erst ab dem Zeitpunkt der Kenntnis einer konkreten Rechtsverletzung m\u00f6glich. Bei Bekanntwerden von entsprechenden Rechtsverletzungen werden wir diese Inhalte umgehend entfernen.<\/p>\n<h3>Haftung f\u00fcr Links<\/h3>\n<p>Unser Angebot enth\u00e4lt Links zu externen Websites Dritter, auf deren Inhalte wir keinen Einfluss haben. Deshalb k\u00f6nnen wir f\u00fcr diese fremden Inhalte auch keine Gew\u00e4hr \u00fcbernehmen. F\u00fcr die Inhalte der verlinkten Seiten ist stets der jeweilige Anbieter oder Betreiber der Seiten verantwortlich. Die verlinkten Seiten wurden zum Zeitpunkt der Verlinkung auf m\u00f6gliche Rechtsverst\u00f6\u00dfe \u00fcberpr\u00fcft. Rechtswidrige Inhalte waren zum Zeitpunkt der Verlinkung nicht erkennbar.<\/p>\n<p>Eine permanente inhaltliche Kontrolle der verlinkten Seiten ist jedoch ohne konkrete Anhaltspunkte einer Rechtsverletzung nicht zumutbar. Bei Bekanntwerden von Rechtsverletzungen werden wir derartige Links umgehend entfernen.<\/p>\n<h3>Urheberrecht<\/h3>\n<p>Die durch die Seitenbetreiber erstellten Inhalte und Werke auf diesen Seiten unterliegen dem deutschen Urheberrecht. Die Vervielf\u00e4ltigung, Bearbeitung, Verbreitung und jede Art der Verwertung au\u00dferhalb der Grenzen des Urheberrechtes bed\u00fcrfen der schriftlichen Zustimmung des jeweiligen Autors bzw. Erstellers. Downloads und Kopien dieser Seite sind nur f\u00fcr den privaten, nicht kommerziellen Gebrauch gestattet.<\/p>\n<p>Soweit die Inhalte auf dieser Seite nicht vom Betreiber erstellt wurden, werden die Urheberrechte Dritter beachtet. Insbesondere werden Inhalte Dritter als solche gekennzeichnet. Sollten Sie trotzdem auf eine Urheberrechtsverletzung aufmerksam werden, bitten wir um einen entsprechenden Hinweis. Bei Bekanntwerden von Rechtsverletzungen werden wir derartige Inhalte umgehend entfernen.<\/p>\n<h3 class=\"p3\"><b>Web development<\/b><\/h3>\n<p class=\"av-share-link-description av-no-toc \"><a href=\"https:\/\/ahzami.de\" target=\"_blank\" rel=\"noopener\">Unsere Partner f\u00fcr die Website-Entwicklung: Die Firma Ahzami Digital Transformation<\/a><\/p>\n<h3>Bildnachweis<\/h3>\n<p><a href=\"https:\/\/es.123rf.com\/\" target=\"_blank\" rel=\"noopener\">123rf.com<\/a><\/p>\n<p><a href=\"https:\/\/pixabay.com\/de\/\" target=\"_blank\" rel=\"noopener\">Pixabay<\/a><\/p>\n<\/div><\/section><\/div>\n<style type=\"text\/css\" data-created_by=\"avia_inline_auto\" id=\"style-css-av-3sl8-8d517e06ee9afb140ebda22fecde6fa0\">\n.flex_column.av-3sl8-8d517e06ee9afb140ebda22fecde6fa0{\nborder-radius:0px 0px 0px 0px;\npadding:0px 0px 0px 0px;\n}\n<\/style>\n<div  class='flex_column av-3sl8-8d517e06ee9afb140ebda22fecde6fa0 av_one_third  avia-builder-el-3  el_after_av_two_third  avia-builder-el-last  flex_column_div av-zero-column-padding  '     ><\/div>\n<\/div><\/div><\/main><!-- close content main element --><\/div><\/div><div id='after_section_1'  class='main_color av_default_container_wrap container_wrap fullsize'  ><div class='container av-section-cont-open' ><div class='template-page content  av-content-full alpha units'><div class='post-entry post-entry-type-page post-entry-20'><div class='entry-content-wrapper clearfix'>\n<div  class='av-social-sharing-box av-lqaoc77u-493d0fd1704802a76ac2d294da206d2a av-social-sharing-box-circle  avia-builder-el-4  el_after_av_section  avia-builder-el-no-sibling  av-social-sharing-box-color-bg av-social-sharing-box-same-width'><div class=\"av-share-box\"><h5 class='av-share-link-description av-no-toc '>Ja, wir sind auch auf Instagram vertreten und teilen mit Ihnen das ein oder andere besondere Angebot oder Informationen.<\/h5><ul class=\"av-share-box-list noLightbox\"><li class='av-share-link av-social-link-instagram avia_social_iconfont' ><a target=\"_blank\" aria-label=\"Link to Instagram\" href='https:\/\/www.instagram.com\/motorenlang\/' data-av_icon='\uf16d' data-av_iconfont='entypo-fontello'  title='' data-avia-related-tooltip='Link to Instagram'><span class='avia_hidden_link_text'>Link to Instagram<\/span><\/a><\/li><\/ul><\/div><\/div>\n","protected":false},"excerpt":{"rendered":"","protected":false},"author":3,"featured_media":0,"parent":0,"menu_order":0,"comment_status":"closed","ping_status":"closed","template":"","meta":{"footnotes":""},"class_list":["post-20","page","type-page","status-publish","hentry"],"yoast_head":"<!-- This site is optimized with the Yoast SEO plugin v26.7 - https:\/\/yoast.com\/wordpress\/plugins\/seo\/ -->\n<title>Impressum - Motoren Lang<\/title>\n<meta name=\"robots\" content=\"index, follow, max-snippet:-1, max-image-preview:large, max-video-preview:-1\" \/>\n<link rel=\"canonical\" href=\"https:\/\/www.motoren-lang.de\/index.php\/impressum\/\" \/>\n<meta property=\"og:locale\" content=\"de_DE\" \/>\n<meta property=\"og:type\" content=\"article\" \/>\n<meta property=\"og:title\" content=\"Impressum - Motoren Lang\" \/>\n<meta property=\"og:url\" content=\"https:\/\/www.motoren-lang.de\/index.php\/impressum\/\" \/>\n<meta property=\"og:site_name\" content=\"Motoren Lang\" \/>\n<meta property=\"article:modified_time\" content=\"2023-12-18T09:53:35+00:00\" \/>\n<meta property=\"og:image\" content=\"https:\/\/www.motoren-lang.de\/wp-content\/uploads\/2019\/07\/Slide001.jpg\" \/>\n\t<meta property=\"og:image:width\" content=\"1920\" \/>\n\t<meta property=\"og:image:height\" content=\"1020\" \/>\n\t<meta property=\"og:image:type\" content=\"image\/jpeg\" \/>\n<meta name=\"twitter:card\" content=\"summary_large_image\" \/>\n<meta name=\"twitter:label1\" content=\"Gesch\u00e4tzte Lesezeit\" \/>\n\t<meta name=\"twitter:data1\" content=\"3\u00a0Minuten\" \/>\n<script type=\"application\/ld+json\" class=\"yoast-schema-graph\">{\"@context\":\"https:\/\/schema.org\",\"@graph\":[{\"@type\":\"WebPage\",\"@id\":\"https:\/\/www.motoren-lang.de\/index.php\/impressum\/\",\"url\":\"https:\/\/www.motoren-lang.de\/index.php\/impressum\/\",\"name\":\"Impressum - Motoren Lang\",\"isPartOf\":{\"@id\":\"https:\/\/www.motoren-lang.de\/#website\"},\"datePublished\":\"2019-01-10T14:34:22+00:00\",\"dateModified\":\"2023-12-18T09:53:35+00:00\",\"breadcrumb\":{\"@id\":\"https:\/\/www.motoren-lang.de\/index.php\/impressum\/#breadcrumb\"},\"inLanguage\":\"de\",\"potentialAction\":[{\"@type\":\"ReadAction\",\"target\":[\"https:\/\/www.motoren-lang.de\/index.php\/impressum\/\"]}]},{\"@type\":\"BreadcrumbList\",\"@id\":\"https:\/\/www.motoren-lang.de\/index.php\/impressum\/#breadcrumb\",\"itemListElement\":[{\"@type\":\"ListItem\",\"position\":1,\"name\":\"Startseite\",\"item\":\"https:\/\/www.motoren-lang.de\/index.php\/motoreninstandsetzung-und-kfz-service-in-roedermark\/\"},{\"@type\":\"ListItem\",\"position\":2,\"name\":\"Impressum\"}]},{\"@type\":\"WebSite\",\"@id\":\"https:\/\/www.motoren-lang.de\/#website\",\"url\":\"https:\/\/www.motoren-lang.de\/\",\"name\":\"Motoren Lang\",\"description\":\"Ihr Erfolg ist unser Antrieb.\",\"publisher\":{\"@id\":\"https:\/\/www.motoren-lang.de\/#organization\"},\"potentialAction\":[{\"@type\":\"SearchAction\",\"target\":{\"@type\":\"EntryPoint\",\"urlTemplate\":\"https:\/\/www.motoren-lang.de\/?s={search_term_string}\"},\"query-input\":{\"@type\":\"PropertyValueSpecification\",\"valueRequired\":true,\"valueName\":\"search_term_string\"}}],\"inLanguage\":\"de\"},{\"@type\":\"Organization\",\"@id\":\"https:\/\/www.motoren-lang.de\/#organization\",\"name\":\"Motoren Lang\",\"url\":\"https:\/\/www.motoren-lang.de\/\",\"logo\":{\"@type\":\"ImageObject\",\"inLanguage\":\"de\",\"@id\":\"https:\/\/www.motoren-lang.de\/#\/schema\/logo\/image\/\",\"url\":\"https:\/\/www.motoren-lang.de\/wp-content\/uploads\/2019\/01\/motoren-lang.png\",\"contentUrl\":\"https:\/\/www.motoren-lang.de\/wp-content\/uploads\/2019\/01\/motoren-lang.png\",\"width\":403,\"height\":137,\"caption\":\"Motoren Lang\"},\"image\":{\"@id\":\"https:\/\/www.motoren-lang.de\/#\/schema\/logo\/image\/\"}}]}<\/script>\n<!-- \/ Yoast SEO plugin. -->","yoast_head_json":{"title":"Impressum - Motoren Lang","robots":{"index":"index","follow":"follow","max-snippet":"max-snippet:-1","max-image-preview":"max-image-preview:large","max-video-preview":"max-video-preview:-1"},"canonical":"https:\/\/www.motoren-lang.de\/index.php\/impressum\/","og_locale":"de_DE","og_type":"article","og_title":"Impressum - Motoren Lang","og_url":"https:\/\/www.motoren-lang.de\/index.php\/impressum\/","og_site_name":"Motoren Lang","article_modified_time":"2023-12-18T09:53:35+00:00","og_image":[{"width":1920,"height":1020,"url":"https:\/\/www.motoren-lang.de\/wp-content\/uploads\/2019\/07\/Slide001.jpg","type":"image\/jpeg"}],"twitter_card":"summary_large_image","twitter_misc":{"Gesch\u00e4tzte Lesezeit":"3\u00a0Minuten"},"schema":{"@context":"https:\/\/schema.org","@graph":[{"@type":"WebPage","@id":"https:\/\/www.motoren-lang.de\/index.php\/impressum\/","url":"https:\/\/www.motoren-lang.de\/index.php\/impressum\/","name":"Impressum - Motoren Lang","isPartOf":{"@id":"https:\/\/www.motoren-lang.de\/#website"},"datePublished":"2019-01-10T14:34:22+00:00","dateModified":"2023-12-18T09:53:35+00:00","breadcrumb":{"@id":"https:\/\/www.motoren-lang.de\/index.php\/impressum\/#breadcrumb"},"inLanguage":"de","potentialAction":[{"@type":"ReadAction","target":["https:\/\/www.motoren-lang.de\/index.php\/impressum\/"]}]},{"@type":"BreadcrumbList","@id":"https:\/\/www.motoren-lang.de\/index.php\/impressum\/#breadcrumb","itemListElement":[{"@type":"ListItem","position":1,"name":"Startseite","item":"https:\/\/www.motoren-lang.de\/index.php\/motoreninstandsetzung-und-kfz-service-in-roedermark\/"},{"@type":"ListItem","position":2,"name":"Impressum"}]},{"@type":"WebSite","@id":"https:\/\/www.motoren-lang.de\/#website","url":"https:\/\/www.motoren-lang.de\/","name":"Motoren Lang","description":"Ihr Erfolg ist unser Antrieb.","publisher":{"@id":"https:\/\/www.motoren-lang.de\/#organization"},"potentialAction":[{"@type":"SearchAction","target":{"@type":"EntryPoint","urlTemplate":"https:\/\/www.motoren-lang.de\/?s={search_term_string}"},"query-input":{"@type":"PropertyValueSpecification","valueRequired":true,"valueName":"search_term_string"}}],"inLanguage":"de"},{"@type":"Organization","@id":"https:\/\/www.motoren-lang.de\/#organization","name":"Motoren Lang","url":"https:\/\/www.motoren-lang.de\/","logo":{"@type":"ImageObject","inLanguage":"de","@id":"https:\/\/www.motoren-lang.de\/#\/schema\/logo\/image\/","url":"https:\/\/www.motoren-lang.de\/wp-content\/uploads\/2019\/01\/motoren-lang.png","contentUrl":"https:\/\/www.motoren-lang.de\/wp-content\/uploads\/2019\/01\/motoren-lang.png","width":403,"height":137,"caption":"Motoren Lang"},"image":{"@id":"https:\/\/www.motoren-lang.de\/#\/schema\/logo\/image\/"}}]}},"_links":{"self":[{"href":"https:\/\/www.motoren-lang.de\/index.php\/wp-json\/wp\/v2\/pages\/20","targetHints":{"allow":["GET"]}}],"collection":[{"href":"https:\/\/www.motoren-lang.de\/index.php\/wp-json\/wp\/v2\/pages"}],"about":[{"href":"https:\/\/www.motoren-lang.de\/index.php\/wp-json\/wp\/v2\/types\/page"}],"author":[{"embeddable":true,"href":"https:\/\/www.motoren-lang.de\/index.php\/wp-json\/wp\/v2\/users\/3"}],"replies":[{"embeddable":true,"href":"https:\/\/www.motoren-lang.de\/index.php\/wp-json\/wp\/v2\/comments?post=20"}],"version-history":[{"count":34,"href":"https:\/\/www.motoren-lang.de\/index.php\/wp-json\/wp\/v2\/pages\/20\/revisions"}],"predecessor-version":[{"id":1049,"href":"https:\/\/www.motoren-lang.de\/index.php\/wp-json\/wp\/v2\/pages\/20\/revisions\/1049"}],"wp:attachment":[{"href":"https:\/\/www.motoren-lang.de\/index.php\/wp-json\/wp\/v2\/media?parent=20"}],"curies":[{"name":"wp","href":"https:\/\/api.w.org\/{rel}","templated":true}]}}