{"id":2,"date":"2019-01-10T15:05:01","date_gmt":"2019-01-10T14:05:01","guid":{"rendered":"http:\/\/ml.testserver-webdesigndoerrer.de\/?page_id=2"},"modified":"2024-11-22T10:29:55","modified_gmt":"2024-11-22T09:29:55","slug":"motoreninstandsetzung-und-kfz-service-in-roedermark","status":"publish","type":"page","link":"https:\/\/www.motoren-lang.de\/","title":{"rendered":"Startseite"},"content":{"rendered":"<div id='layer_slider_1'  class='avia-layerslider main_color avia-shadow  avia-builder-el-0  el_before_av_section  avia-builder-el-first  container_wrap fullsize'  style='height: 701px; max-width: 1920px; margin: 0 auto;'  ><\/div>\n<div id='av_section_1'  class='avia-section av-81cq-1f906203c082b5f557c72ff9edce74a3 main_color avia-section-large avia-no-border-styling  avia-builder-el-1  el_after_av_layerslider  el_before_av_layout_row  avia-bg-style-scroll av-minimum-height av-minimum-height-50 av-height-50  container_wrap fullsize'   data-av_minimum_height_pc='50' data-av_min_height_opt='50'><div class='container av-section-cont-open' ><div class='template-page content  av-content-full alpha units'><div class='post-entry post-entry-type-page post-entry-2'><div class='entry-content-wrapper clearfix'>\n<div class='flex_column_table av-4z44-48ed2ff6b136ad69096e41b199be8049 sc-av_one_half av-equal-height-column-flextable'>\n<style type=\"text\/css\" data-created_by=\"avia_inline_auto\" id=\"style-css-av-4z44-48ed2ff6b136ad69096e41b199be8049\">\n.flex_column.av-4z44-48ed2ff6b136ad69096e41b199be8049{\nborder-radius:0px 0px 0px 0px;\npadding:0px 0px 0px 0px;\n}\n<\/style>\n<div  class='flex_column av-4z44-48ed2ff6b136ad69096e41b199be8049 av_one_half  avia-builder-el-2  el_before_av_one_half  avia-builder-el-first  first flex_column_table_cell av-equal-height-column av-align-middle av-animated-generic bottom-to-top av-zero-column-padding  '     ><p>\n<style type=\"text\/css\" data-created_by=\"avia_inline_auto\" id=\"style-css-av-36pi-8314761e2ce4f41beb40aaf3af439ba0\">\n#top .av-special-heading.av-36pi-8314761e2ce4f41beb40aaf3af439ba0{\npadding-bottom:10px;\n}\nbody .av-special-heading.av-36pi-8314761e2ce4f41beb40aaf3af439ba0 .av-special-heading-tag .heading-char{\nfont-size:25px;\n}\n.av-special-heading.av-36pi-8314761e2ce4f41beb40aaf3af439ba0 .av-subheading{\nfont-size:15px;\n}\n<\/style>\n<div  class='av-special-heading av-36pi-8314761e2ce4f41beb40aaf3af439ba0 av-special-heading-h2 blockquote modern-quote  avia-builder-el-3  el_before_av_textblock  avia-builder-el-first '><h2 class='av-special-heading-tag '  itemprop=\"headline\"  >Willkommen bei Motoren Lang<\/h2><div class=\"special-heading-border\"><div class=\"special-heading-inner-border\"><\/div><\/div><\/div><br \/>\n<section  class='av_textblock_section av-jqqwlrfr-854552f3c13d1dbb212293ac5721a7aa '   itemscope=\"itemscope\" itemtype=\"https:\/\/schema.org\/CreativeWork\" ><div class='avia_textblock'  itemprop=\"text\" ><p>Schon seit der Gr\u00fcndung unserer Firma bieten wir Ihnen alles aus einer Hand: Beratung, Planung und Umsetzung. Hier finden Sie eine \u00dcbersicht \u00fcber unser Produkt- und Leistungsspektrum. Wenn Sie eine konkrete Frage oder einen Wunsch haben nutzen Sie das Kontaktformular oder wenden Sie sich bitte direkt an uns.<\/p>\n<\/div><\/section><\/p><\/div><div class='av-flex-placeholder'><\/div>\n<style type=\"text\/css\" data-created_by=\"avia_inline_auto\" id=\"style-css-av-wu-1b2aa554988d7a594ce2fc48a1b9c517\">\n.flex_column.av-wu-1b2aa554988d7a594ce2fc48a1b9c517{\nborder-radius:0px 0px 0px 0px;\npadding:0px 0px 0px 0px;\n}\n<\/style>\n<div  class='flex_column av-wu-1b2aa554988d7a594ce2fc48a1b9c517 av_one_half  avia-builder-el-5  el_after_av_one_half  avia-builder-el-last  flex_column_table_cell av-equal-height-column av-align-middle av-animated-generic bottom-to-top av-zero-column-padding  '     ><style type=\"text\/css\" data-created_by=\"avia_inline_auto\" id=\"style-css-av-jqqwxbxy-f0c33a4e06534cad6434b781e17fefc1\">\n.avia-image-container.av-jqqwxbxy-f0c33a4e06534cad6434b781e17fefc1 img.avia_image{\nbox-shadow:none;\n}\n.avia-image-container.av-jqqwxbxy-f0c33a4e06534cad6434b781e17fefc1 .av-image-caption-overlay-center{\ncolor:#ffffff;\n}\n<\/style>\n<div  class='avia-image-container av-jqqwxbxy-f0c33a4e06534cad6434b781e17fefc1 av-styling-no-styling avia-align-center  avia-builder-el-6  avia-builder-el-no-sibling '   itemprop=\"image\" itemscope=\"itemscope\" itemtype=\"https:\/\/schema.org\/ImageObject\" ><div class=\"avia-image-container-inner\"><div class=\"avia-image-overlay-wrap\"><img decoding=\"async\" fetchpriority=\"high\" class='wp-image-960 avia-img-lazy-loading-not-960 avia_image ' src=\"https:\/\/www.motoren-lang.de\/wp-content\/uploads\/2022\/11\/IMG_9973-1.jpg\" alt='' title='IMG_9973'  height=\"729\" width=\"1200\"  itemprop=\"thumbnailUrl\" srcset=\"https:\/\/www.motoren-lang.de\/wp-content\/uploads\/2022\/11\/IMG_9973-1.jpg 1200w, https:\/\/www.motoren-lang.de\/wp-content\/uploads\/2022\/11\/IMG_9973-1-300x182.jpg 300w, https:\/\/www.motoren-lang.de\/wp-content\/uploads\/2022\/11\/IMG_9973-1-1030x626.jpg 1030w, https:\/\/www.motoren-lang.de\/wp-content\/uploads\/2022\/11\/IMG_9973-1-768x467.jpg 768w, https:\/\/www.motoren-lang.de\/wp-content\/uploads\/2022\/11\/IMG_9973-1-705x428.jpg 705w\" sizes=\"(max-width: 1200px) 100vw, 1200px\" \/><\/div><\/div><\/div><\/div><\/div><!--close column table wrapper. Autoclose: 1 -->\n\n<\/div><\/div><\/div><!-- close content main div --><\/div><\/div><div id='av-layout-grid-1'  class='av-layout-grid-container av-5cc8-b6cd239eea131d1ac673d1eff70c41aa entry-content-wrapper main_color av-flex-cells  avia-builder-el-7  el_after_av_section  avia-builder-el-last  grid-row-not-first  container_wrap fullsize'  >\n\n<style type=\"text\/css\" data-created_by=\"avia_inline_auto\" id=\"style-css-av-jr0t1apk-2ce04bb78d2a5ce44c742fc98ae8cd51\">\n.flex_cell.av-jr0t1apk-2ce04bb78d2a5ce44c742fc98ae8cd51{\nvertical-align:middle;\nbackground:url(https:\/\/www.motoren-lang.de\/wp-content\/uploads\/2019\/07\/KFZ3.jpg) 50% 50% no-repeat scroll ;\n}\n.responsive #top #wrap_all .flex_cell.av-jr0t1apk-2ce04bb78d2a5ce44c742fc98ae8cd51{\npadding:0px 0px 0px 0px !important;\n}\n<\/style>\n<a class=\"av-screen-reader-only\" href=\"https:\/\/www.motoren-lang.de\/index.php\/motoreninstandsetzung\/\" >Link zu: Motoreninstandsetzung<\/a><div class='flex_cell av-jr0t1apk-2ce04bb78d2a5ce44c742fc98ae8cd51 av-gridrow-cell av_one_half no_margin  avia-builder-el-8  el_before_av_cell_one_half  avia-builder-el-first  content-align-middle av-zero-padding avia-full-stretch avia-link-column av-cell-link avia-link-column-hover'  data-link-column-url=\"https:\/\/www.motoren-lang.de\/index.php\/motoreninstandsetzung\/\"  ><div class='flex_cell_inner'>\n<style type=\"text\/css\" data-created_by=\"avia_inline_auto\" id=\"style-css-av-5ous-dc5d236ba7a16cbce90c96978a478025\">\n.flex_column.av-5ous-dc5d236ba7a16cbce90c96978a478025{\nborder-radius:0px 0px 0px 0px;\npadding:80px 80px 80px 80px;\nbackground-color:rgba(28,32,44,0.8);\n}\n<\/style>\n<div  class='flex_column av-5ous-dc5d236ba7a16cbce90c96978a478025 av_one_full  avia-builder-el-9  avia-builder-el-no-sibling  first no_margin flex_column_div  '     ><p>\n<style type=\"text\/css\" data-created_by=\"avia_inline_auto\" id=\"style-css-av-jqqs3tku-51286f56bd88b967dae9aab41dbeb549\">\n.av_font_icon.av-jqqs3tku-51286f56bd88b967dae9aab41dbeb549{\ncolor:#ffffff;\nborder-color:#ffffff;\n}\n.avia-svg-icon.av-jqqs3tku-51286f56bd88b967dae9aab41dbeb549 svg:first-child{\nstroke:#ffffff;\nfill:#ffffff;\n}\n.av_font_icon.av-jqqs3tku-51286f56bd88b967dae9aab41dbeb549 .av-icon-char{\nfont-size:100px;\nline-height:100px;\n}\n<\/style>\n<span  class='av_font_icon av-jqqs3tku-51286f56bd88b967dae9aab41dbeb549 avia_animate_when_visible av-icon-style- avia-icon-pos-center avia-iconfont avia-font-flaticon'><span class='av-icon-char' data-av_icon='\uf107' data-av_iconfont='flaticon' aria-hidden=\"true\" ><\/span><\/span><br \/>\n\n<style type=\"text\/css\" data-created_by=\"avia_inline_auto\" id=\"style-css-av-5p7k-0b2efdbe553a339098865d50eae21d03\">\n#top .av-special-heading.av-5p7k-0b2efdbe553a339098865d50eae21d03{\npadding-bottom:10px;\ncolor:#ffffff;\nfont-size:30px;\n}\nbody .av-special-heading.av-5p7k-0b2efdbe553a339098865d50eae21d03 .av-special-heading-tag .heading-char{\nfont-size:25px;\n}\n#top #wrap_all .av-special-heading.av-5p7k-0b2efdbe553a339098865d50eae21d03 .av-special-heading-tag{\nfont-size:30px;\n}\n.av-special-heading.av-5p7k-0b2efdbe553a339098865d50eae21d03 .special-heading-inner-border{\nborder-color:#ffffff;\n}\n.av-special-heading.av-5p7k-0b2efdbe553a339098865d50eae21d03 .av-subheading{\nfont-size:15px;\n}\n\n@media only screen and (min-width: 480px) and (max-width: 767px){ \n#top #wrap_all .av-special-heading.av-5p7k-0b2efdbe553a339098865d50eae21d03 .av-special-heading-tag{\nfont-size:28px;\n}\n}\n\n@media only screen and (max-width: 479px){ \n#top #wrap_all .av-special-heading.av-5p7k-0b2efdbe553a339098865d50eae21d03 .av-special-heading-tag{\nfont-size:28px;\n}\n}\n<\/style>\n<div  class='av-special-heading av-5p7k-0b2efdbe553a339098865d50eae21d03 av-special-heading-h2 custom-color-heading blockquote modern-quote modern-centered  avia-builder-el-11  el_after_av_font_icon  el_before_av_textblock  av-inherit-size'><h2 class='av-special-heading-tag '  itemprop=\"headline\"  >Motoreninstandsetzung<\/h2><div class=\"special-heading-border\"><div class=\"special-heading-inner-border\"><\/div><\/div><\/div><br \/>\n\n<style type=\"text\/css\" data-created_by=\"avia_inline_auto\" id=\"style-css-av-jqqsvupz-b48e565b792b3811250ae22eff4b595a\">\n#top .av_textblock_section.av-jqqsvupz-b48e565b792b3811250ae22eff4b595a .avia_textblock{\nfont-size:16px;\ncolor:#ffffff;\n}\n<\/style>\n<section  class='av_textblock_section av-jqqsvupz-b48e565b792b3811250ae22eff4b595a '   itemscope=\"itemscope\" itemtype=\"https:\/\/schema.org\/CreativeWork\" ><div class='avia_textblock av_inherit_color'  itemprop=\"text\" ><p style=\"text-align: center;\">Wir bearbeiten Verbrennungsmotoren aller Art, Einzel- und Serienbearbeitung, Diesel- und Benzinmotoren, Landwirtschaftsmaschinen oder Industriemotoren.<\/p>\n<\/div><\/section><br \/>\n\n<style type=\"text\/css\" data-created_by=\"avia_inline_auto\" id=\"style-css-av-jqqtoz35-bb0efd80e72c22cbe6f90d4b317d18f4\">\n#top .hr.hr-invisible.av-jqqtoz35-bb0efd80e72c22cbe6f90d4b317d18f4{\nheight:30px;\n}\n<\/style>\n<div  class='hr av-jqqtoz35-bb0efd80e72c22cbe6f90d4b317d18f4 hr-invisible  avia-builder-el-13  el_after_av_textblock  el_before_av_button '><span class='hr-inner '><span class=\"hr-inner-style\"><\/span><\/span><\/div><br \/>\n<div  class='avia-button-wrap av-jqqsz9r7-040c43262d462a8dfdea5fa56e730c08-wrap avia-button-center  avia-builder-el-14  el_after_av_hr  avia-builder-el-last '><a href='https:\/\/www.motoren-lang.de\/index.php\/motoreninstandsetzung\/'  class='avia-button av-jqqsz9r7-040c43262d462a8dfdea5fa56e730c08 av-link-btn avia-icon_select-no avia-size-large avia-position-center avia-color-light'   aria-label=\"Mehr erfahren\"><span class='avia_iconbox_title' >Mehr erfahren<\/span><\/a><\/div><\/p><\/div>\n<\/div><\/div>\n<style type=\"text\/css\" data-created_by=\"avia_inline_auto\" id=\"style-css-av-3t0a-9e4849016cff77995b32c7cbebdf552d\">\n.flex_cell.av-3t0a-9e4849016cff77995b32c7cbebdf552d{\nvertical-align:middle;\nbackground:url(https:\/\/www.motoren-lang.de\/wp-content\/uploads\/2019\/07\/KFZ2.jpg) 50% 50% no-repeat scroll ;\n}\n.responsive #top #wrap_all .flex_cell.av-3t0a-9e4849016cff77995b32c7cbebdf552d{\npadding:0px 0px 0px 0px !important;\n}\n<\/style>\n<a class=\"av-screen-reader-only\" href=\"https:\/\/www.motoren-lang.de\/index.php\/kfz-service\/\" >Link zu: KFZ Service<\/a><div class='flex_cell av-3t0a-9e4849016cff77995b32c7cbebdf552d av-gridrow-cell av_one_half no_margin  avia-builder-el-15  el_after_av_cell_one_half  avia-builder-el-last  content-align-middle av-zero-padding avia-full-stretch avia-link-column av-cell-link avia-link-column-hover'  data-link-column-url=\"https:\/\/www.motoren-lang.de\/index.php\/kfz-service\/\"  ><div class='flex_cell_inner'>\n<style type=\"text\/css\" data-created_by=\"avia_inline_auto\" id=\"style-css-av-5ous-5-80ae02837afc41b5092322d5758814ca\">\n.flex_column.av-5ous-5-80ae02837afc41b5092322d5758814ca{\nborder-radius:0px 0px 0px 0px;\npadding:80px 80px 80px 80px;\nbackground-color:rgba(28,32,44,0.8);\n}\n<\/style>\n<div  class='flex_column av-5ous-5-80ae02837afc41b5092322d5758814ca av_one_full  avia-builder-el-16  avia-builder-el-no-sibling  first no_margin flex_column_div  '     ><p>\n<style type=\"text\/css\" data-created_by=\"avia_inline_auto\" id=\"style-css-av-jqqs3tku-4-cdbab88b08ae45dfb3ca7bd3b0d3fbf4\">\n.av_font_icon.av-jqqs3tku-4-cdbab88b08ae45dfb3ca7bd3b0d3fbf4{\ncolor:#ffffff;\nborder-color:#ffffff;\n}\n.avia-svg-icon.av-jqqs3tku-4-cdbab88b08ae45dfb3ca7bd3b0d3fbf4 svg:first-child{\nstroke:#ffffff;\nfill:#ffffff;\n}\n.av_font_icon.av-jqqs3tku-4-cdbab88b08ae45dfb3ca7bd3b0d3fbf4 .av-icon-char{\nfont-size:100px;\nline-height:100px;\n}\n<\/style>\n<span  class='av_font_icon av-jqqs3tku-4-cdbab88b08ae45dfb3ca7bd3b0d3fbf4 avia_animate_when_visible av-icon-style- avia-icon-pos-center avia-iconfont avia-font-flaticon'><span class='av-icon-char' data-av_icon='\uf109' data-av_iconfont='flaticon' aria-hidden=\"true\" ><\/span><\/span><br \/>\n\n<style type=\"text\/css\" data-created_by=\"avia_inline_auto\" id=\"style-css-av-2s0c-f4779bb7733a91073a12537a26d65d1b\">\n#top .av-special-heading.av-2s0c-f4779bb7733a91073a12537a26d65d1b{\npadding-bottom:10px;\ncolor:#ffffff;\nfont-size:30px;\n}\nbody .av-special-heading.av-2s0c-f4779bb7733a91073a12537a26d65d1b .av-special-heading-tag .heading-char{\nfont-size:25px;\n}\n#top #wrap_all .av-special-heading.av-2s0c-f4779bb7733a91073a12537a26d65d1b .av-special-heading-tag{\nfont-size:30px;\n}\n.av-special-heading.av-2s0c-f4779bb7733a91073a12537a26d65d1b .special-heading-inner-border{\nborder-color:#ffffff;\n}\n.av-special-heading.av-2s0c-f4779bb7733a91073a12537a26d65d1b .av-subheading{\nfont-size:15px;\n}\n\n@media only screen and (min-width: 480px) and (max-width: 767px){ \n#top #wrap_all .av-special-heading.av-2s0c-f4779bb7733a91073a12537a26d65d1b .av-special-heading-tag{\nfont-size:28px;\n}\n}\n\n@media only screen and (max-width: 479px){ \n#top #wrap_all .av-special-heading.av-2s0c-f4779bb7733a91073a12537a26d65d1b .av-special-heading-tag{\nfont-size:28px;\n}\n}\n<\/style>\n<div  class='av-special-heading av-2s0c-f4779bb7733a91073a12537a26d65d1b av-special-heading-h2 custom-color-heading blockquote modern-quote modern-centered  avia-builder-el-18  el_after_av_font_icon  el_before_av_textblock  av-inherit-size'><h2 class='av-special-heading-tag '  itemprop=\"headline\"  >KFZ Service<\/h2><div class=\"special-heading-border\"><div class=\"special-heading-inner-border\"><\/div><\/div><\/div><br \/>\n\n<style type=\"text\/css\" data-created_by=\"avia_inline_auto\" id=\"style-css-av-jqqsvupz-3-ac6662085c00503226d9c41070c9aae5\">\n#top .av_textblock_section.av-jqqsvupz-3-ac6662085c00503226d9c41070c9aae5 .avia_textblock{\nfont-size:16px;\ncolor:#ffffff;\n}\n<\/style>\n<section  class='av_textblock_section av-jqqsvupz-3-ac6662085c00503226d9c41070c9aae5 '   itemscope=\"itemscope\" itemtype=\"https:\/\/schema.org\/CreativeWork\" ><div class='avia_textblock av_inherit_color'  itemprop=\"text\" ><p style=\"text-align: center;\">Neben der Motoreninstandsetzung werden auch Wartungs- und Reparaturarbeiten an PKW und LKW aller Fabrikate und Typen durchgef\u00fchrt.<\/p>\n<\/div><\/section><br \/>\n\n<style type=\"text\/css\" data-created_by=\"avia_inline_auto\" id=\"style-css-av-jqqtoz35-2-cf0a730df2d21df552bd83579a44aedd\">\n#top .hr.hr-invisible.av-jqqtoz35-2-cf0a730df2d21df552bd83579a44aedd{\nheight:30px;\n}\n<\/style>\n<div  class='hr av-jqqtoz35-2-cf0a730df2d21df552bd83579a44aedd hr-invisible  avia-builder-el-20  el_after_av_textblock  el_before_av_button '><span class='hr-inner '><span class=\"hr-inner-style\"><\/span><\/span><\/div><br \/>\n<div  class='avia-button-wrap av-jqqsz9r7-1-ab816c22554e34f78ea199d2f3806b4e-wrap avia-button-center  avia-builder-el-21  el_after_av_hr  avia-builder-el-last '><a href='https:\/\/www.motoren-lang.de\/index.php\/kfz-service\/'  class='avia-button av-jqqsz9r7-1-ab816c22554e34f78ea199d2f3806b4e av-link-btn avia-icon_select-no avia-size-large avia-position-center avia-color-light'   aria-label=\"Mehr erfahren\"><span class='avia_iconbox_title' >Mehr erfahren<\/span><\/a><\/div><\/p><\/div>\n<\/div><\/div>\n<\/div>\n","protected":false},"excerpt":{"rendered":"","protected":false},"author":3,"featured_media":0,"parent":0,"menu_order":0,"comment_status":"closed","ping_status":"open","template":"","meta":{"om_disable_all_campaigns":false,"footnotes":""},"class_list":["post-2","page","type-page","status-publish","hentry"],"yoast_head":"<!-- This site is optimized with the Yoast SEO plugin v27.4 - https:\/\/yoast.com\/product\/yoast-seo-wordpress\/ -->\n<title>Startseite - Motoren Lang \u2013 Experten f\u00fcr Motoreninstandsetzung<\/title>\n<meta name=\"description\" content=\"Wir sind spezialisiert auf die Bearbeitung\/Instandsetzung von Motoren und Zylinderk\u00f6pfen.\" \/>\n<meta name=\"robots\" content=\"index, follow, max-snippet:-1, max-image-preview:large, max-video-preview:-1\" \/>\n<link rel=\"canonical\" href=\"https:\/\/www.motoren-lang.de\/index.php\/motoreninstandsetzung-und-kfz-service-in-roedermark\/\" \/>\n<meta property=\"og:locale\" content=\"de_DE\" \/>\n<meta property=\"og:type\" content=\"article\" \/>\n<meta property=\"og:title\" content=\"Startseite - Motoren Lang \u2013 Experten f\u00fcr Motoreninstandsetzung\" \/>\n<meta property=\"og:description\" content=\"Wir sind spezialisiert auf die Bearbeitung\/Instandsetzung von Motoren und Zylinderk\u00f6pfen.\" \/>\n<meta property=\"og:url\" content=\"https:\/\/www.motoren-lang.de\/index.php\/motoreninstandsetzung-und-kfz-service-in-roedermark\/\" \/>\n<meta property=\"og:site_name\" content=\"Motoren Lang \u2013 Experten f\u00fcr Motoreninstandsetzung\" \/>\n<meta property=\"article:modified_time\" content=\"2024-11-22T09:29:55+00:00\" \/>\n<meta property=\"og:image\" content=\"https:\/\/www.motoren-lang.de\/wp-content\/uploads\/2019\/07\/Slide001.jpg\" \/>\n\t<meta property=\"og:image:width\" content=\"1920\" \/>\n\t<meta property=\"og:image:height\" content=\"1020\" \/>\n\t<meta property=\"og:image:type\" content=\"image\/jpeg\" \/>\n<meta name=\"twitter:card\" content=\"summary_large_image\" \/>\n<meta name=\"twitter:label1\" content=\"Gesch\u00e4tzte Lesezeit\" \/>\n\t<meta name=\"twitter:data1\" content=\"4\u00a0Minuten\" \/>\n<script type=\"application\/ld+json\" class=\"yoast-schema-graph\">{\"@context\":\"https:\\\/\\\/schema.org\",\"@graph\":[{\"@type\":\"WebPage\",\"@id\":\"https:\\\/\\\/www.motoren-lang.de\\\/index.php\\\/motoreninstandsetzung-und-kfz-service-in-roedermark\\\/\",\"url\":\"https:\\\/\\\/www.motoren-lang.de\\\/index.php\\\/motoreninstandsetzung-und-kfz-service-in-roedermark\\\/\",\"name\":\"Startseite - Motoren Lang \u2013 Experten f\u00fcr Motoreninstandsetzung\",\"isPartOf\":{\"@id\":\"https:\\\/\\\/www.motoren-lang.de\\\/#website\"},\"datePublished\":\"2019-01-10T14:05:01+00:00\",\"dateModified\":\"2024-11-22T09:29:55+00:00\",\"description\":\"Wir sind spezialisiert auf die Bearbeitung\\\/Instandsetzung von Motoren und Zylinderk\u00f6pfen.\",\"breadcrumb\":{\"@id\":\"https:\\\/\\\/www.motoren-lang.de\\\/index.php\\\/motoreninstandsetzung-und-kfz-service-in-roedermark\\\/#breadcrumb\"},\"inLanguage\":\"de\",\"potentialAction\":[{\"@type\":\"ReadAction\",\"target\":[\"https:\\\/\\\/www.motoren-lang.de\\\/index.php\\\/motoreninstandsetzung-und-kfz-service-in-roedermark\\\/\"]}]},{\"@type\":\"BreadcrumbList\",\"@id\":\"https:\\\/\\\/www.motoren-lang.de\\\/index.php\\\/motoreninstandsetzung-und-kfz-service-in-roedermark\\\/#breadcrumb\",\"itemListElement\":[{\"@type\":\"ListItem\",\"position\":1,\"name\":\"Startseite\",\"item\":\"https:\\\/\\\/www.motoren-lang.de\\\/index.php\\\/motoreninstandsetzung-und-kfz-service-in-roedermark\\\/\"},{\"@type\":\"ListItem\",\"position\":2,\"name\":\"Startseite\"}]},{\"@type\":\"WebSite\",\"@id\":\"https:\\\/\\\/www.motoren-lang.de\\\/#website\",\"url\":\"https:\\\/\\\/www.motoren-lang.de\\\/\",\"name\":\"Motoren Lang\",\"description\":\"Ihr Fachbetrieb f\u00fcr Motoreninstandsetzung &amp; KFZ-Service\",\"publisher\":{\"@id\":\"https:\\\/\\\/www.motoren-lang.de\\\/#organization\"},\"potentialAction\":[{\"@type\":\"SearchAction\",\"target\":{\"@type\":\"EntryPoint\",\"urlTemplate\":\"https:\\\/\\\/www.motoren-lang.de\\\/?s={search_term_string}\"},\"query-input\":{\"@type\":\"PropertyValueSpecification\",\"valueRequired\":true,\"valueName\":\"search_term_string\"}}],\"inLanguage\":\"de\"},{\"@type\":\"Organization\",\"@id\":\"https:\\\/\\\/www.motoren-lang.de\\\/#organization\",\"name\":\"Motoren Lang\",\"url\":\"https:\\\/\\\/www.motoren-lang.de\\\/\",\"logo\":{\"@type\":\"ImageObject\",\"inLanguage\":\"de\",\"@id\":\"https:\\\/\\\/www.motoren-lang.de\\\/#\\\/schema\\\/logo\\\/image\\\/\",\"url\":\"https:\\\/\\\/www.motoren-lang.de\\\/wp-content\\\/uploads\\\/2019\\\/01\\\/motoren-lang.png\",\"contentUrl\":\"https:\\\/\\\/www.motoren-lang.de\\\/wp-content\\\/uploads\\\/2019\\\/01\\\/motoren-lang.png\",\"width\":403,\"height\":137,\"caption\":\"Motoren Lang\"},\"image\":{\"@id\":\"https:\\\/\\\/www.motoren-lang.de\\\/#\\\/schema\\\/logo\\\/image\\\/\"}}]}<\/script>\n<!-- \/ Yoast SEO plugin. -->","yoast_head_json":{"title":"Startseite - Motoren Lang \u2013 Experten f\u00fcr Motoreninstandsetzung","description":"Wir sind spezialisiert auf die Bearbeitung\/Instandsetzung von Motoren und Zylinderk\u00f6pfen.","robots":{"index":"index","follow":"follow","max-snippet":"max-snippet:-1","max-image-preview":"max-image-preview:large","max-video-preview":"max-video-preview:-1"},"canonical":"https:\/\/www.motoren-lang.de\/index.php\/motoreninstandsetzung-und-kfz-service-in-roedermark\/","og_locale":"de_DE","og_type":"article","og_title":"Startseite - Motoren Lang \u2013 Experten f\u00fcr Motoreninstandsetzung","og_description":"Wir sind spezialisiert auf die Bearbeitung\/Instandsetzung von Motoren und Zylinderk\u00f6pfen.","og_url":"https:\/\/www.motoren-lang.de\/index.php\/motoreninstandsetzung-und-kfz-service-in-roedermark\/","og_site_name":"Motoren Lang \u2013 Experten f\u00fcr Motoreninstandsetzung","article_modified_time":"2024-11-22T09:29:55+00:00","og_image":[{"width":1920,"height":1020,"url":"https:\/\/www.motoren-lang.de\/wp-content\/uploads\/2019\/07\/Slide001.jpg","type":"image\/jpeg"}],"twitter_card":"summary_large_image","twitter_misc":{"Gesch\u00e4tzte Lesezeit":"4\u00a0Minuten"},"schema":{"@context":"https:\/\/schema.org","@graph":[{"@type":"WebPage","@id":"https:\/\/www.motoren-lang.de\/index.php\/motoreninstandsetzung-und-kfz-service-in-roedermark\/","url":"https:\/\/www.motoren-lang.de\/index.php\/motoreninstandsetzung-und-kfz-service-in-roedermark\/","name":"Startseite - Motoren Lang \u2013 Experten f\u00fcr Motoreninstandsetzung","isPartOf":{"@id":"https:\/\/www.motoren-lang.de\/#website"},"datePublished":"2019-01-10T14:05:01+00:00","dateModified":"2024-11-22T09:29:55+00:00","description":"Wir sind spezialisiert auf die Bearbeitung\/Instandsetzung von Motoren und Zylinderk\u00f6pfen.","breadcrumb":{"@id":"https:\/\/www.motoren-lang.de\/index.php\/motoreninstandsetzung-und-kfz-service-in-roedermark\/#breadcrumb"},"inLanguage":"de","potentialAction":[{"@type":"ReadAction","target":["https:\/\/www.motoren-lang.de\/index.php\/motoreninstandsetzung-und-kfz-service-in-roedermark\/"]}]},{"@type":"BreadcrumbList","@id":"https:\/\/www.motoren-lang.de\/index.php\/motoreninstandsetzung-und-kfz-service-in-roedermark\/#breadcrumb","itemListElement":[{"@type":"ListItem","position":1,"name":"Startseite","item":"https:\/\/www.motoren-lang.de\/index.php\/motoreninstandsetzung-und-kfz-service-in-roedermark\/"},{"@type":"ListItem","position":2,"name":"Startseite"}]},{"@type":"WebSite","@id":"https:\/\/www.motoren-lang.de\/#website","url":"https:\/\/www.motoren-lang.de\/","name":"Motoren Lang","description":"Ihr Fachbetrieb f\u00fcr Motoreninstandsetzung &amp; KFZ-Service","publisher":{"@id":"https:\/\/www.motoren-lang.de\/#organization"},"potentialAction":[{"@type":"SearchAction","target":{"@type":"EntryPoint","urlTemplate":"https:\/\/www.motoren-lang.de\/?s={search_term_string}"},"query-input":{"@type":"PropertyValueSpecification","valueRequired":true,"valueName":"search_term_string"}}],"inLanguage":"de"},{"@type":"Organization","@id":"https:\/\/www.motoren-lang.de\/#organization","name":"Motoren Lang","url":"https:\/\/www.motoren-lang.de\/","logo":{"@type":"ImageObject","inLanguage":"de","@id":"https:\/\/www.motoren-lang.de\/#\/schema\/logo\/image\/","url":"https:\/\/www.motoren-lang.de\/wp-content\/uploads\/2019\/01\/motoren-lang.png","contentUrl":"https:\/\/www.motoren-lang.de\/wp-content\/uploads\/2019\/01\/motoren-lang.png","width":403,"height":137,"caption":"Motoren Lang"},"image":{"@id":"https:\/\/www.motoren-lang.de\/#\/schema\/logo\/image\/"}}]}},"_links":{"self":[{"href":"https:\/\/www.motoren-lang.de\/index.php\/wp-json\/wp\/v2\/pages\/2","targetHints":{"allow":["GET"]}}],"collection":[{"href":"https:\/\/www.motoren-lang.de\/index.php\/wp-json\/wp\/v2\/pages"}],"about":[{"href":"https:\/\/www.motoren-lang.de\/index.php\/wp-json\/wp\/v2\/types\/page"}],"author":[{"embeddable":true,"href":"https:\/\/www.motoren-lang.de\/index.php\/wp-json\/wp\/v2\/users\/3"}],"replies":[{"embeddable":true,"href":"https:\/\/www.motoren-lang.de\/index.php\/wp-json\/wp\/v2\/comments?post=2"}],"version-history":[{"count":215,"href":"https:\/\/www.motoren-lang.de\/index.php\/wp-json\/wp\/v2\/pages\/2\/revisions"}],"predecessor-version":[{"id":1076,"href":"https:\/\/www.motoren-lang.de\/index.php\/wp-json\/wp\/v2\/pages\/2\/revisions\/1076"}],"wp:attachment":[{"href":"https:\/\/www.motoren-lang.de\/index.php\/wp-json\/wp\/v2\/media?parent=2"}],"curies":[{"name":"wp","href":"https:\/\/api.w.org\/{rel}","templated":true}]}}